{"id":130,"date":"2015-02-25T08:26:57","date_gmt":"2015-02-25T08:26:57","guid":{"rendered":"http:\/\/medvehagymahaz.infodemo.hu\/?page_id=130"},"modified":"2015-02-26T11:06:57","modified_gmt":"2015-02-26T11:06:57","slug":"orfu","status":"publish","type":"page","link":"https:\/\/www.medvehagymahaz.hu\/de\/orfu\/","title":{"rendered":"Orf\u0171"},"content":{"rendered":"<p>Deutsch<\/p>\n<p>Hegyek \u00e9s tavak, n\u00e9pi hagyom\u00e1nyok \u00e9s gasztron\u00f3mia, napoz\u00e1s \u00e9s \u00e9des semmittev\u00e9s, f\u00fcrd\u0151z\u00e9s \u00e9s v\u00edzi sportok, gyalogos \u00e9s ker\u00e9kp\u00e1ros t\u00far\u00e1k, barlang\u00e1szat \u00e9s lovagl\u00e1s, horg\u00e1szat \u00e9s vad\u00e1szat, hagyom\u00e1ny\u0151rz\u0151 rendezv\u00e9nyek \u00e9s zenei fesztiv\u00e1lok, <a href=\"http:\/\/www.orfu.hu\" target=\"_blank\">ORF\u0170 ezeregy lehet\u0151s\u00e9get k\u00edn\u00e1l, hogy sz\u00edness\u00e9 var\u00e1zsold az \u00e9leted!<\/a><\/p>\n<h2>Kikapcsol\u00f3d\u00e1si lehet\u0151s\u00e9gek Orf\u0171n<\/h2>\n<blockquote><p>A P\u00e9cst\u0151l mind\u00f6ssze 19 km-re, a Nyugat-Mecsek gy\u00f6ny\u00f6r\u0171 v\u00f6lgy\u00e9ben fekv\u0151 \u00fcd\u00fcl\u0151 telep\u00fcl\u00e9s minden \u00e9vben t\u00f6bb mint 150 rendezv\u00e9nnyel, sz\u00e1mos v\u00edzi sport esem\u00e9nnyel, csobban\u00e1si \u00e9s kir\u00e1ndul\u00e1si lehet\u0151s\u00e9ggel, gasztro-programokkal, fesztiv\u00e1lokkal v\u00e1rja a l\u00e1togat\u00f3kat.<\/p><\/blockquote>\n<h3>Csobbanj!<\/h3>\n<p><strong><span style=\"color: #0000ff;\"><a href=\"http:\/\/medvehagymahaz.infodemo.hu\/wp-content\/uploads\/2015\/02\/orfu.png\" rel=\"lightbox-0\"><img decoding=\"async\" loading=\"lazy\" class=\" size-medium wp-image-93 alignleft\" src=\"http:\/\/medvehagymahaz.infodemo.hu\/wp-content\/uploads\/2015\/02\/orfu-300x163.png\" alt=\"orfu\" width=\"300\" height=\"163\" srcset=\"https:\/\/www.medvehagymahaz.hu\/wp-content\/uploads\/2015\/02\/orfu-300x163.png 300w, https:\/\/www.medvehagymahaz.hu\/wp-content\/uploads\/2015\/02\/orfu.png 460w\" sizes=\"(max-width: 300px) 100vw, 300px\" \/><\/a>Orf\u0171 ny\u00e1ron a vizek szerelmeseinek egyik kedvelt c\u00e9lpontja.<\/span><\/strong> Az Orf\u0171 Aquapark 7 cs\u00faszd\u00e1val, 1400 m\u00b2 alapter\u00fclet\u0171 \u00e9lm\u00e9nymedenc\u00e9vel, pezsg\u0151medenc\u00e9vel, \u00fasz\u00f3medenc\u00e9vel \u00e9s gyermekmedenc\u00e9vel v\u00e1rja vend\u00e9geit. Azok sz\u00e1m\u00e1ra, akik jobban kedvelik a term\u00e9szetes vizeket, a Kis-t\u00f3 Strand az ide\u00e1lis v\u00e1laszt\u00e1s. Az egyed\u00fcl\u00e1ll\u00f3 orf\u0171i t\u00f3rendszer els\u0151 tav\u00e1n ter\u00fcl el Baranya megye egyed\u00fcli, enged\u00e9llyel rendelkez\u0151, ellen\u0151rz\u00f6tt v\u00edzmin\u0151s\u00e9g\u0171, term\u00e9szetes ny\u00edltv\u00edzi f\u00fcrd\u0151helye. A P\u00e9csi-tavon mindezek mellett kajakoz\u00e1s, kenuz\u00e1s, s\u00e1rk\u00e1nyhaj\u00f3z\u00e1s \u00e9s cs\u00f3nak\u00e1z\u00e1si lehet\u0151s\u00e9g v\u00e1rja a l\u00e1togat\u00f3kat.<\/p>\n<h3>L\u00e9gy akt\u00edv!<\/h3>\n<ul>\n<li>Azok sz\u00e1m\u00e1ra, akik szeretnek k\u00e9t ker\u00e9ken felfedezni egy telep\u00fcl\u00e9st \u00e9s annak k\u00f6rny\u00e9k\u00e9t, azok sz\u00e1m\u00e1ra Orf\u0171 a t\u00f6k\u00e9letes c\u00e9lpont. A P\u00e9cs fel\u0151l \u00e9rkez\u0151k ki\u00e9p\u00edtett ker\u00e9kp\u00e1r\u00faton juthatnak el Orf\u0171re, \u00e9s Abaliget fel\u00e9 is tehetnek egy kit\u00e9r\u0151t. Ha valaki pedig ker\u00e9kp\u00e1r n\u00e9lk\u00fcl \u00e9rkezik, az sem gond, hiszen sz\u00e1mos k\u00f6lcs\u00f6nz\u0151 k\u00f6z\u00fcl v\u00e1laszthat, hogy azt\u00e1n tegyen egy t\u00f3ker\u00fcl\u0151 biciklit\u00far\u00e1t vagy kipr\u00f3b\u00e1lja esetleg a k\u00f6rny\u00e9kbeli hegyi ker\u00e9kp\u00e1rutak valamelyik\u00e9t.<\/li>\n<li>Akik jobban szeretik t\u00far\u00e1z\u00e1ssal t\u00f6lteni idej\u00fcket, azok sz\u00e1m\u00e1ra is tartogat sz\u00e1mos lehet\u0151s\u00e9get Orf\u0171. A k\u00f6rny\u00e9k rendk\u00edv\u00fcl gazdag term\u00e9szeti kincsekben \u00e9s l\u00e1tnival\u00f3kban, melyeket v\u00e1ltozatos tan\u00f6sv\u00e9nyek, t\u00fara\u00fatvonalak ment\u00e9n ismerhetnek meg az Orf\u0171re l\u00e1togat\u00f3k. A Desztin\u00e1ci\u00f3 k\u00f6rt\u00fara \u00e9s a S\u00e1rk\u00e1ny k\u00f6rt\u00fara a legfontosabb orf\u0171i l\u00e1tnival\u00f3kat f\u0171zi fel k\u00e9t t\u00fara\u00fatvonalra, melyek bej\u00e1r\u00e1s\u00e1t ma m\u00e1r egy ki\u00e9p\u00edtett turistat\u00e1bla-rendszer seg\u00edti. A k\u00f6rny\u00e9ket ezeken fel\u00fcl \u00e9s szervezett t\u00far\u00e1k keretein bel\u00fcl is meg lehet tekinteni.<\/li>\n<\/ul>\n<h3>N\u00e9zz k\u00f6r\u00fcl!<\/h3>\n<ol>\n<li>A telep\u00fcl\u00e9s kultur\u00e1lis c\u00e9lpontokat is tartogat a l\u00e1togat\u00f3knak.<\/li>\n<li>A Malomm\u00fazeumban a gabona\u0151rl\u00e9st\u0151l a keny\u00e9rs\u00fct\u00e9sig k\u00f6vethetj\u00fck a b\u00faza \u00fatj\u00e1t.<\/li>\n<li>A Kemenc\u00e9s Udvar \u00e9s T\u00e1jh\u00e1z a Medvehagyma Fesztiv\u00e1l otthonak\u00e9nt is ismert, gazdag ki\u00e1ll\u00edt\u00f3tere pedig tavaszt\u00f3l \u0151szig v\u00e1rja a l\u00e1togat\u00f3kat.<\/li>\n<li>A V\u00edzf\u0151 Forr\u00e1sh\u00e1z Csete Gy\u00f6rgy egyik els\u0151 munk\u00e1ja, az organikus \u00e9p\u00edt\u00e9szet egyik els\u0151 hazai k\u00e9pvisel\u0151je szint\u00e9n Orf\u0171n tal\u00e1lhat\u00f3 \u00e9s a Mecsek H\u00e1za kezel\u00e9s\u00e9ben l\u00e1togathat\u00f3.<\/li>\n<\/ol>\n<p>&nbsp;<\/p>\n","protected":false},"excerpt":{"rendered":"<p>Deutsch Hegyek \u00e9s tavak, n\u00e9pi hagyom\u00e1nyok \u00e9s gasztron\u00f3mia, napoz\u00e1s \u00e9s \u00e9des semmittev\u00e9s, f\u00fcrd\u0151z\u00e9s \u00e9s v\u00edzi sportok, gyalogos \u00e9s ker\u00e9kp\u00e1ros t\u00far\u00e1k, barlang\u00e1szat \u00e9s lovagl\u00e1s, horg\u00e1szat \u00e9s vad\u00e1szat, hagyom\u00e1ny\u0151rz\u0151 rendezv\u00e9nyek \u00e9s zenei [&hellip;]<\/p>\n","protected":false},"author":9,"featured_media":93,"parent":0,"menu_order":0,"comment_status":"open","ping_status":"open","template":"","meta":[],"yoast_head":"<!-- This site is optimized with the Yoast SEO plugin v20.12 - https:\/\/yoast.com\/wordpress\/plugins\/seo\/ -->\n<title>Orf\u0171 - Medvehagyma H\u00e1z<\/title>\n<meta name=\"robots\" content=\"index, follow, max-snippet:-1, max-image-preview:large, max-video-preview:-1\" \/>\n<link rel=\"canonical\" href=\"https:\/\/www.medvehagymahaz.hu\/de\/orfu\/\" \/>\n<meta property=\"og:locale\" content=\"de_DE\" \/>\n<meta property=\"og:type\" content=\"article\" \/>\n<meta property=\"og:title\" content=\"Orf\u0171 - Medvehagyma H\u00e1z\" \/>\n<meta property=\"og:description\" content=\"Deutsch Hegyek \u00e9s tavak, n\u00e9pi hagyom\u00e1nyok \u00e9s gasztron\u00f3mia, napoz\u00e1s \u00e9s \u00e9des semmittev\u00e9s, f\u00fcrd\u0151z\u00e9s \u00e9s v\u00edzi sportok, gyalogos \u00e9s ker\u00e9kp\u00e1ros t\u00far\u00e1k, barlang\u00e1szat \u00e9s lovagl\u00e1s, horg\u00e1szat \u00e9s vad\u00e1szat, hagyom\u00e1ny\u0151rz\u0151 rendezv\u00e9nyek \u00e9s zenei [&hellip;]\" \/>\n<meta property=\"og:url\" content=\"https:\/\/www.medvehagymahaz.hu\/de\/orfu\/\" \/>\n<meta property=\"og:site_name\" content=\"Medvehagyma H\u00e1z\" \/>\n<meta property=\"article:modified_time\" content=\"2015-02-26T11:06:57+00:00\" \/>\n<meta property=\"og:image\" content=\"https:\/\/www.medvehagymahaz.hu\/wp-content\/uploads\/2015\/02\/orfu.png\" \/>\n\t<meta property=\"og:image:width\" content=\"460\" \/>\n\t<meta property=\"og:image:height\" content=\"250\" \/>\n\t<meta property=\"og:image:type\" content=\"image\/png\" \/>\n<meta name=\"twitter:label1\" content=\"Gesch\u00e4tzte Lesezeit\" \/>\n\t<meta name=\"twitter:data1\" content=\"3\u00a0Minuten\" \/>\n<script type=\"application\/ld+json\" class=\"yoast-schema-graph\">{\"@context\":\"https:\/\/schema.org\",\"@graph\":[{\"@type\":\"WebPage\",\"@id\":\"https:\/\/www.medvehagymahaz.hu\/de\/orfu\/\",\"url\":\"https:\/\/www.medvehagymahaz.hu\/de\/orfu\/\",\"name\":\"Orf\u0171 - Medvehagyma H\u00e1z\",\"isPartOf\":{\"@id\":\"https:\/\/www.medvehagymahaz.hu\/de\/#website\"},\"datePublished\":\"2015-02-25T08:26:57+00:00\",\"dateModified\":\"2015-02-26T11:06:57+00:00\",\"breadcrumb\":{\"@id\":\"https:\/\/www.medvehagymahaz.hu\/de\/orfu\/#breadcrumb\"},\"inLanguage\":\"de\",\"potentialAction\":[{\"@type\":\"ReadAction\",\"target\":[\"https:\/\/www.medvehagymahaz.hu\/de\/orfu\/\"]}]},{\"@type\":\"BreadcrumbList\",\"@id\":\"https:\/\/www.medvehagymahaz.hu\/de\/orfu\/#breadcrumb\",\"itemListElement\":[{\"@type\":\"ListItem\",\"position\":1,\"name\":\"Kezd\u0151lap\",\"item\":\"https:\/\/www.medvehagymahaz.hu\/de\/\"},{\"@type\":\"ListItem\",\"position\":2,\"name\":\"Orf\u0171\"}]},{\"@type\":\"WebSite\",\"@id\":\"https:\/\/www.medvehagymahaz.hu\/de\/#website\",\"url\":\"https:\/\/www.medvehagymahaz.hu\/de\/\",\"name\":\"Medvehagyma H\u00e1z\",\"description\":\"Orf\u0171\",\"potentialAction\":[{\"@type\":\"SearchAction\",\"target\":{\"@type\":\"EntryPoint\",\"urlTemplate\":\"https:\/\/www.medvehagymahaz.hu\/de\/?s={search_term_string}\"},\"query-input\":\"required name=search_term_string\"}],\"inLanguage\":\"de\"}]}<\/script>\n<!-- \/ Yoast SEO plugin. -->","yoast_head_json":{"title":"Orf\u0171 - Medvehagyma H\u00e1z","robots":{"index":"index","follow":"follow","max-snippet":"max-snippet:-1","max-image-preview":"max-image-preview:large","max-video-preview":"max-video-preview:-1"},"canonical":"https:\/\/www.medvehagymahaz.hu\/de\/orfu\/","og_locale":"de_DE","og_type":"article","og_title":"Orf\u0171 - Medvehagyma H\u00e1z","og_description":"Deutsch Hegyek \u00e9s tavak, n\u00e9pi hagyom\u00e1nyok \u00e9s gasztron\u00f3mia, napoz\u00e1s \u00e9s \u00e9des semmittev\u00e9s, f\u00fcrd\u0151z\u00e9s \u00e9s v\u00edzi sportok, gyalogos \u00e9s ker\u00e9kp\u00e1ros t\u00far\u00e1k, barlang\u00e1szat \u00e9s lovagl\u00e1s, horg\u00e1szat \u00e9s vad\u00e1szat, hagyom\u00e1ny\u0151rz\u0151 rendezv\u00e9nyek \u00e9s zenei [&hellip;]","og_url":"https:\/\/www.medvehagymahaz.hu\/de\/orfu\/","og_site_name":"Medvehagyma H\u00e1z","article_modified_time":"2015-02-26T11:06:57+00:00","og_image":[{"width":460,"height":250,"url":"https:\/\/www.medvehagymahaz.hu\/wp-content\/uploads\/2015\/02\/orfu.png","type":"image\/png"}],"twitter_misc":{"Gesch\u00e4tzte Lesezeit":"3\u00a0Minuten"},"schema":{"@context":"https:\/\/schema.org","@graph":[{"@type":"WebPage","@id":"https:\/\/www.medvehagymahaz.hu\/de\/orfu\/","url":"https:\/\/www.medvehagymahaz.hu\/de\/orfu\/","name":"Orf\u0171 - Medvehagyma H\u00e1z","isPartOf":{"@id":"https:\/\/www.medvehagymahaz.hu\/de\/#website"},"datePublished":"2015-02-25T08:26:57+00:00","dateModified":"2015-02-26T11:06:57+00:00","breadcrumb":{"@id":"https:\/\/www.medvehagymahaz.hu\/de\/orfu\/#breadcrumb"},"inLanguage":"de","potentialAction":[{"@type":"ReadAction","target":["https:\/\/www.medvehagymahaz.hu\/de\/orfu\/"]}]},{"@type":"BreadcrumbList","@id":"https:\/\/www.medvehagymahaz.hu\/de\/orfu\/#breadcrumb","itemListElement":[{"@type":"ListItem","position":1,"name":"Kezd\u0151lap","item":"https:\/\/www.medvehagymahaz.hu\/de\/"},{"@type":"ListItem","position":2,"name":"Orf\u0171"}]},{"@type":"WebSite","@id":"https:\/\/www.medvehagymahaz.hu\/de\/#website","url":"https:\/\/www.medvehagymahaz.hu\/de\/","name":"Medvehagyma H\u00e1z","description":"Orf\u0171","potentialAction":[{"@type":"SearchAction","target":{"@type":"EntryPoint","urlTemplate":"https:\/\/www.medvehagymahaz.hu\/de\/?s={search_term_string}"},"query-input":"required name=search_term_string"}],"inLanguage":"de"}]}},"_links":{"self":[{"href":"https:\/\/www.medvehagymahaz.hu\/de\/wp-json\/wp\/v2\/pages\/130"}],"collection":[{"href":"https:\/\/www.medvehagymahaz.hu\/de\/wp-json\/wp\/v2\/pages"}],"about":[{"href":"https:\/\/www.medvehagymahaz.hu\/de\/wp-json\/wp\/v2\/types\/page"}],"author":[{"embeddable":true,"href":"https:\/\/www.medvehagymahaz.hu\/de\/wp-json\/wp\/v2\/users\/9"}],"replies":[{"embeddable":true,"href":"https:\/\/www.medvehagymahaz.hu\/de\/wp-json\/wp\/v2\/comments?post=130"}],"version-history":[{"count":2,"href":"https:\/\/www.medvehagymahaz.hu\/de\/wp-json\/wp\/v2\/pages\/130\/revisions"}],"predecessor-version":[{"id":186,"href":"https:\/\/www.medvehagymahaz.hu\/de\/wp-json\/wp\/v2\/pages\/130\/revisions\/186"}],"wp:featuredmedia":[{"embeddable":true,"href":"https:\/\/www.medvehagymahaz.hu\/de\/wp-json\/wp\/v2\/media\/93"}],"wp:attachment":[{"href":"https:\/\/www.medvehagymahaz.hu\/de\/wp-json\/wp\/v2\/media?parent=130"}],"curies":[{"name":"wp","href":"https:\/\/api.w.org\/{rel}","templated":true}]}}